{"id":138,"date":"2020-09-29T16:43:42","date_gmt":"2020-09-29T14:43:42","guid":{"rendered":"https:\/\/www.uctostrasin.cz\/?page_id=138"},"modified":"2026-03-14T09:03:17","modified_gmt":"2026-03-14T08:03:17","slug":"o-nas","status":"publish","type":"page","link":"https:\/\/www.uctostrasin.cz\/index.php\/o-nas\/","title":{"rendered":"O n\u00e1s"},"content":{"rendered":"\n<p><strong>Bc. Miroslava Novotn\u00e1<\/strong><\/p>\n\n\n\n<p>\u00da\u010detnictv\u00ed se v\u011bnuji v\u00edce ne\u017e 25 let. B\u011bhem sv\u00e9 praxe jsem z\u00edskala rozs\u00e1hl\u00e9 zku\u0161enosti se zpracov\u00e1n\u00edm finan\u010dn\u00edho \u00fa\u010detnictv\u00ed, da\u0148ov\u00e9 evidence, DPH i \u00fa\u010detn\u00edch z\u00e1v\u011brek pro mal\u00e9 i st\u0159edn\u00ed spole\u010dnosti.<\/p>\n\n\n\n<p>Pracovala jsem na pozic\u00edch finan\u010dn\u00ed a hlavn\u00ed \u00fa\u010detn\u00ed ve firm\u00e1ch z r\u016fzn\u00fdch obor\u016f \u2013 od logistiky a stavebnictv\u00ed a\u017e po mezin\u00e1rodn\u00ed p\u0159epravu \u010di neziskov\u00fd sektor. D\u00edky tomu m\u00e1m zku\u0161enosti nejen s b\u011b\u017enou \u00fa\u010detn\u00ed agendou, ale tak\u00e9 s komplexn\u00edm \u0159\u00edzen\u00edm ekonomiky firmy, nastavov\u00e1n\u00edm intern\u00edch proces\u016f a komunikac\u00ed s \u00fa\u0159ady.<\/p>\n\n\n\n<p>Sou\u010d\u00e1st\u00ed m\u00e9 praxe bylo tak\u00e9 veden\u00ed \u00fa\u010detn\u00edch t\u00fdm\u016f, p\u0159\u00edprava \u00fa\u010detn\u00edch z\u00e1v\u011brek, zpracov\u00e1n\u00ed DPH, Intrastatu, metodik a intern\u00edch sm\u011brnic. Pod\u00edlela jsem se nap\u0159\u00edklad na implementaci nov\u00e9ho \u00fa\u010detn\u00edho syst\u00e9mu ve v\u00fdzkumn\u00e9 organizaci s v\u00edce ne\u017e 300 zam\u011bstnanci.<\/p>\n\n\n\n<p>Jsem absolventkou Vysok\u00e9 \u0161koly ekonomick\u00fdch studi\u00ed (obor ekonomika firmy) a dr\u017eitelkou certifikace Svazu \u00fa\u010detn\u00edch. V oblasti \u00fa\u010detnictv\u00ed a dan\u00ed se pravideln\u011b vzd\u011bl\u00e1v\u00e1m, abych klient\u016fm mohla poskytovat slu\u017eby v souladu s aktu\u00e1ln\u00ed legislativou.<\/p>\n\n\n\n<p>M\u00fdm c\u00edlem je poskytovat klient\u016fm spolehliv\u00e9 \u00fa\u010detn\u00ed slu\u017eby, individu\u00e1ln\u00ed p\u0159\u00edstup a jistotu, \u017ee jejich \u00fa\u010detnictv\u00ed je vedeno spr\u00e1vn\u011b a p\u0159ehledn\u011b.<\/p>\n\n\n\n<p>, <\/p>\n\n\n\n<figure class=\"wp-block-image size-large is-resized\"><img loading=\"lazy\" src=\"https:\/\/www.uctostrasin.cz\/wp-content\/uploads\/2020\/09\/MIRKA-NOVOTNA_FOTO-1.jpg\" alt=\"\" class=\"wp-image-142\" width=\"325\" height=\"336\" srcset=\"https:\/\/www.uctostrasin.cz\/wp-content\/uploads\/2020\/09\/MIRKA-NOVOTNA_FOTO-1.jpg 336w, https:\/\/www.uctostrasin.cz\/wp-content\/uploads\/2020\/09\/MIRKA-NOVOTNA_FOTO-1-290x300.jpg 290w\" sizes=\"(max-width: 325px) 100vw, 325px\" \/><figcaption>Hlavn\u00ed \u00fa\u010detn\u00ed a  ekonom spole\u010dnosti<br>Bc.Novotn\u00e1 <br>Tel. 702 001 900 <br>email: ucetni.novotna@gmail.com<\/figcaption><\/figure>\n\n\n\n<p><strong>Anna Havl\u00edkov\u00e1<\/strong><\/p>\n\n\n\n<p>Anna Havl\u00edkov\u00e1 je d\u016fle\u017eitou sou\u010d\u00e1st\u00ed na\u0161eho t\u00fdmu a zaji\u0161\u0165uje administrativn\u00ed podporu \u00fa\u010detn\u00ed kancel\u00e1\u0159e. Agend\u00e1m spojen\u00fdm s administrativou a zpracov\u00e1n\u00edm podklad\u016f pro \u00fa\u010detnictv\u00ed se v\u011bnuje ji\u017e v\u00edce ne\u017e 15 let.<\/p>\n\n\n\n<p>Vystudovala St\u0159edn\u00ed technicko-administrativn\u00ed \u0161kolu, kde z\u00edskala dobr\u00fd z\u00e1klad pro pr\u00e1ci v administrativ\u011b a ekonomick\u00e9 agend\u011b. V r\u00e1mci kancel\u00e1\u0159e se star\u00e1 p\u0159edev\u0161\u00edm o komunikaci s klienty, zpracov\u00e1n\u00ed podklad\u016f a organiza\u010dn\u00ed zaji\u0161t\u011bn\u00ed ka\u017edodenn\u00edho chodu kancel\u00e1\u0159e.<\/p>\n\n\n\n<p>Na sv\u00e9 pr\u00e1ci m\u00e1 nejrad\u011bji kontakt s lidmi \u2013 r\u00e1da se setk\u00e1v\u00e1 s nov\u00fdmi klienty a pom\u00e1h\u00e1 jim s orientac\u00ed v administrativn\u00edch z\u00e1le\u017eitostech.<\/p>\n\n\n\n<figure class=\"wp-block-image size-large is-resized\"><img loading=\"lazy\" src=\"https:\/\/www.uctostrasin.cz\/wp-content\/uploads\/2020\/09\/Anna_foto.jpg\" alt=\"\" class=\"wp-image-143\" width=\"307\" height=\"341\" srcset=\"https:\/\/www.uctostrasin.cz\/wp-content\/uploads\/2020\/09\/Anna_foto.jpg 408w, https:\/\/www.uctostrasin.cz\/wp-content\/uploads\/2020\/09\/Anna_foto-270x300.jpg 270w\" sizes=\"(max-width: 307px) 100vw, 307px\" \/><figcaption><em>Asistentka spole\u010dnosti Anna Havl\u00edkov\u00e1<\/em><br><em> telefon: 601 567 906   <\/em><br><em>   email: ucto.strasin@gmail.com   <\/em><\/figcaption><\/figure>\n","protected":false},"excerpt":{"rendered":"<p>Bc. Miroslava Novotn\u00e1 \u00da\u010detnictv\u00ed se v\u011bnuji v\u00edce ne\u017e 25 let. B\u011bhem sv\u00e9 praxe jsem z\u00edskala rozs\u00e1hl\u00e9 zku\u0161enosti se zpracov\u00e1n\u00edm finan\u010dn\u00edho &hellip; <\/p>\n","protected":false},"author":1,"featured_media":0,"parent":0,"menu_order":0,"comment_status":"closed","ping_status":"closed","template":"","meta":[],"_links":{"self":[{"href":"https:\/\/www.uctostrasin.cz\/index.php\/wp-json\/wp\/v2\/pages\/138"}],"collection":[{"href":"https:\/\/www.uctostrasin.cz\/index.php\/wp-json\/wp\/v2\/pages"}],"about":[{"href":"https:\/\/www.uctostrasin.cz\/index.php\/wp-json\/wp\/v2\/types\/page"}],"author":[{"embeddable":true,"href":"https:\/\/www.uctostrasin.cz\/index.php\/wp-json\/wp\/v2\/users\/1"}],"replies":[{"embeddable":true,"href":"https:\/\/www.uctostrasin.cz\/index.php\/wp-json\/wp\/v2\/comments?post=138"}],"version-history":[{"count":7,"href":"https:\/\/www.uctostrasin.cz\/index.php\/wp-json\/wp\/v2\/pages\/138\/revisions"}],"predecessor-version":[{"id":308,"href":"https:\/\/www.uctostrasin.cz\/index.php\/wp-json\/wp\/v2\/pages\/138\/revisions\/308"}],"wp:attachment":[{"href":"https:\/\/www.uctostrasin.cz\/index.php\/wp-json\/wp\/v2\/media?parent=138"}],"curies":[{"name":"wp","href":"https:\/\/api.w.org\/{rel}","templated":true}]}}