{"id":161,"date":"2020-09-29T18:01:03","date_gmt":"2020-09-29T16:01:03","guid":{"rendered":"https:\/\/www.uctostrasin.cz\/?page_id=161"},"modified":"2025-09-22T13:45:33","modified_gmt":"2025-09-22T11:45:33","slug":"udaje-o-spolecnosti","status":"publish","type":"page","link":"https:\/\/www.uctostrasin.cz\/index.php\/udaje-o-spolecnosti\/","title":{"rendered":"Kontakt"},"content":{"rendered":"\n<p><\/p>\n\n\n\n<p>\u00da\u010detn\u00ed kancel\u00e1\u0159 Bc.Novotn\u00e1 Miroslava<\/p>\n\n\n\n<p>S\u00eddlo spole\u010dnosti : Vojkovsk\u00e1 36\/19, 251 01 \u0158\u00ed\u010dany <\/p>\n\n\n\n<p>Kancel\u00e1\u0159 spole\u010dnosti : Kutnohorsk\u00e1 98, 251 62 Lou\u0148ovice <\/p>\n\n\n\n<p>Datov\u00e1 schr\u00e1nka : 5zhrg9n<\/p>\n\n\n\n<p>I\u010cO: 400 36 093<\/p>\n\n\n\n<p>Telefon: 702 001 900 email: ucetni.novotna@gmail.com<\/p>\n\n\n\n<p>Odkaz na mapu:<\/p>\n\n\n\n<p><a href=\"https:\/\/maps.app.goo.gl\/u84QUsgCmJyHsw9i6\">https:\/\/maps.app.goo.gl\/u84QUsgCmJyHsw9i6<\/a><\/p>\n","protected":false},"excerpt":{"rendered":"<p>\u00da\u010detn\u00ed kancel\u00e1\u0159 Bc.Novotn\u00e1 Miroslava S\u00eddlo spole\u010dnosti : Vojkovsk\u00e1 36\/19, 251 01 \u0158\u00ed\u010dany Kancel\u00e1\u0159 spole\u010dnosti : Kutnohorsk\u00e1 98, 251 62 Lou\u0148ovice &hellip; <\/p>\n","protected":false},"author":1,"featured_media":0,"parent":0,"menu_order":0,"comment_status":"closed","ping_status":"closed","template":"","meta":[],"_links":{"self":[{"href":"https:\/\/www.uctostrasin.cz\/index.php\/wp-json\/wp\/v2\/pages\/161"}],"collection":[{"href":"https:\/\/www.uctostrasin.cz\/index.php\/wp-json\/wp\/v2\/pages"}],"about":[{"href":"https:\/\/www.uctostrasin.cz\/index.php\/wp-json\/wp\/v2\/types\/page"}],"author":[{"embeddable":true,"href":"https:\/\/www.uctostrasin.cz\/index.php\/wp-json\/wp\/v2\/users\/1"}],"replies":[{"embeddable":true,"href":"https:\/\/www.uctostrasin.cz\/index.php\/wp-json\/wp\/v2\/comments?post=161"}],"version-history":[{"count":6,"href":"https:\/\/www.uctostrasin.cz\/index.php\/wp-json\/wp\/v2\/pages\/161\/revisions"}],"predecessor-version":[{"id":295,"href":"https:\/\/www.uctostrasin.cz\/index.php\/wp-json\/wp\/v2\/pages\/161\/revisions\/295"}],"wp:attachment":[{"href":"https:\/\/www.uctostrasin.cz\/index.php\/wp-json\/wp\/v2\/media?parent=161"}],"curies":[{"name":"wp","href":"https:\/\/api.w.org\/{rel}","templated":true}]}}