{"id":175,"date":"2020-09-29T18:42:36","date_gmt":"2020-09-29T16:42:36","guid":{"rendered":"https:\/\/www.uctostrasin.cz\/?page_id=175"},"modified":"2026-04-07T19:21:05","modified_gmt":"2026-04-07T17:21:05","slug":"cenik","status":"publish","type":"page","link":"https:\/\/www.uctostrasin.cz\/index.php\/cenik\/","title":{"rendered":"CEN\u00cdK"},"content":{"rendered":"\n<div class=\"wp-block-group\"><div class=\"wp-block-group__inner-container\">\n<p><\/p>\n\n\n\n<ul><li>DA\u0147OV\u00c1 EVIDENCE &#8211; pl\u00e1tce DPH <ul><li>1-100 z\u00e1pis\u016f\/<strong>m\u011bs\u00edc<\/strong>   &#8211; 1.500 K\u010d pau\u0161\u00e1ln\u00ed \u010d\u00e1stka  (v\u010detn\u011b p\u0159izn\u00e1n\u00ed k DPH, KH, ESL) <\/li><li>1-100 z\u00e1pis\u016f\/<strong>kvart\u00e1l<\/strong>  &#8211; 2.500 K\u010d pau\u0161\u00e1ln\u00ed \u010d\u00e1stka (v\u010detn\u011b p\u0159izn\u00e1n\u00ed k DPH, KH, ESL)<\/li><li>\u00a0nad 100 z\u00e1pis\u016f\/m\u011bs\u00edc &#8211; 14 K\u010d\/\u0159\u00e1dek<\/li><li>nad 200 z\u00e1pis\u016f\/m\u011bs\u00edc &#8211;  13 K\u010d\/\u0159\u00e1dek <\/li><li>\u00a0nad 200 z\u00e1pis\u016f \/m\u011bs\u00edc\u00a0 \u00a0 &#8211;  12 K\u010d\/\u0159\u00e1dek<\/li><\/ul><\/li><li>VEDEN\u00cd \u00da\u010cETNICTV\u00cd &#8211; pl\u00e1tce DPH <ul><li>do 100 z\u00e1pis\u016f\/<strong>m\u011bs\u00edc<\/strong> &#8211; 2.500 K\u010d pau\u0161\u00e1ln\u00ed \u010d\u00e1stka  (v\u010detn\u011b p\u0159izn\u00e1n\u00ed k DPH, KH, ESL)<\/li><li>do 100 z\u00e1pis\u016f\/<strong>kvart\u00e1l<\/strong>  &#8211; 4.000 K\u010d pau\u0161\u00e1ln\u00ed \u010d\u00e1stka (v\u010detn\u011b p\u0159izn\u00e1n\u00ed k DPH, KH, ESL)<\/li><li>nad 100 z\u00e1pis\u016f\/m\u011bs\u00edc-  24  K\u010d\/\u00fa\u010detn\u00ed polo\u017eka<\/li><li>nad 200 z\u00e1pis\u016f\/m\u011bs\u00edc &#8211; 22 K\u010d\/\u00fa\u010detn\u00ed polo\u017eka<\/li><li>nad 200 z\u00e1pis\u016f\/m\u011bs\u00edc &#8211; 19,- K\u010d\/\u00fa\u010detn\u00ed polo\u017eka <\/li><li>nad 400\/ m\u011bs\u00edc &#8211; individu\u00e1ln\u00ed nab\u00eddka (v\u011bt\u0161\u00ed spole\u010dnosti)  <\/li><\/ul><\/li><li>Do z\u00e1pis\u016f jsou zapo\u010d\u00edt\u00e1ny v\u0161echny polo\u017eky, PFA+VFA+pokladna+banka atd. V p\u0159\u00edpad\u011b stahov\u00e1n\u00ed dat v \u00fa\u010detn\u00edm form\u00e1tu  nap\u0159\u00edklad banka , cena za \u00fa\u010detn\u00ed polo\u017eku  se sni\u017euje !  <\/li><li>Ka\u017ed\u00e9mu klientovi je p\u0159ipravena cenov\u00e1 nab\u00eddka dle jeho pot\u0159eb, ceny na webu jsou orienta\u010dn\u00ed <\/li><\/ul>\n\n\n\n<p>V cen\u011b  je zahrnut v\u00fdkaz DPH, sestaven\u00ed z\u00e1znamn\u00ed povinnosti, kontroln\u00ed hl\u00e1\u0161en\u00ed a odesl\u00e1n\u00ed na Finan\u010dn\u00ed \u00fa\u0159ad v zastoupen\u00ed. V p\u0159\u00edpad\u011b pr\u00e1zdn\u00e9ho hl\u00e1\u0161en\u00ed je \u00fa\u010dtov\u00e1na pau\u0161\u00e1ln\u00ed \u010d\u00e1stka 500,- K\u010d <\/p>\n\n\n\n<p>3. MZDY<\/p>\n\n\n\n<ul><li>Zpracov\u00e1n\u00ed mezd 1 zam\u011bstnance   od 350,- K\u010d <\/li><li>Zpracov\u00e1n\u00ed mezd v\u00edce zam\u011bstnanc\u016f (min.2)  od   250,- K\u010d <\/li><li>Zpracov\u00e1n\u00ed  mezd v\u00edce zam\u011bstnanc\u016f (od 3)  od   200,- K\u010d <\/li><li>Zpracov\u00e1n\u00ed zam\u011bstnance v exekuci\/insolvenci   % p\u0159\u00edplatek dle dohody <\/li><\/ul>\n\n\n\n<p>V cen\u011b he zahrnuto m\u011bs\u00ed\u010dn\u00ed hl\u00e1\u0161en\u00ed soci\u00e1ln\u00ed spr\u00e1v\u011b a zdravotn\u00ed poji\u0161\u0165ovn\u011b<\/p>\n\n\n\n<p>Hodinov\u00e1 sazba  650,- K\u010d <\/p>\n\n\n\n<p>4. Vypl\u0148ov\u00e1n\u00ed  p\u0159izn\u00e1n\u00ed a p\u0159ehled\u016f <\/p>\n\n\n\n<figure class=\"wp-block-table\"><table><tbody><tr><td>P\u0159izn\u00e1n\u00ed <\/td><td>Cena v K\u010d <\/td><td>ur\u010deno pro <\/td><\/tr><tr><td>Da\u0148ov\u00e9 p\u0159izn\u00e1n\u00ed fyzick\u00fdch osob <\/td><td> 2 000 <\/td><td>zam\u011bstnance s p\u0159\u00edjmy z \u010cR<\/td><\/tr><tr><td>Da\u0148ov\u00e9 p\u0159izn\u00e1n\u00ed fyzick\u00fdch osob<\/td><td> 4 000<\/td><td>Podnikatel (n\u00e1klad pau\u0161\u00e1lem) v\u010detn\u011b p\u0159ehled\u016f OSSZ a ZP<\/td><\/tr><tr><td>Da\u0148ov\u00e9 p\u0159izn\u00e1n\u00ed fyzick\u00fdch osob <\/td><td>od 3 000 <\/td><td>Podnikatel &#8211; st\u00e1l\u00fd klient na\u0161\u00ed kancel\u00e1\u0159e   <\/td><\/tr><tr><td>Z\u00e1visl\u00e1 da\u0148 &#8211; vy\u00fa\u010dtov\u00e1n\u00ed<\/td><td>od 1 000<\/td><td>Dle po\u010dt\u016f zam\u011bstnanc\u016f<\/td><\/tr><tr><td>Sr\u00e1\u017ekov\u00e1 da\u0148 &#8211; vy\u00fa\u010dtov\u00e1n\u00ed<\/td><td>od 1 000<\/td><td>Dle po\u010dt\u016f zam\u011bstnanc\u016f<\/td><\/tr><tr><td>Da\u0148ov\u00e9 p\u0159izn\u00e1n\u00ed pr\u00e1vnick\u00e1 osoba <\/td><td>od 5 000 <\/td><td>Mikro jednotky<\/td><\/tr><tr><td>Da\u0148ov\u00e9 p\u0159izn\u00e1n\u00ed pr\u00e1vnick\u00e1 osoba<\/td><td>od 8 000<\/td><td>Mal\u00e1 \u00fa\u010detn\u00ed jednotka   <\/td><\/tr><tr><td>Da\u0148ov\u00e9 p\u0159izn\u00e1n\u00ed PODNIKATEL<br>da\u0148ov\u00e1 evience <\/td><td>od  4 000<\/td><td>Do ceny se prom\u00edt\u00e1 po\u010det zpracovan\u00fdch doklad\u016f<\/td><\/tr><\/tbody><\/table><\/figure>\n\n\n\n<p><\/p>\n<\/div><\/div>\n\n\n\n<p><\/p>\n","protected":false},"excerpt":{"rendered":"","protected":false},"author":1,"featured_media":0,"parent":0,"menu_order":0,"comment_status":"closed","ping_status":"closed","template":"","meta":[],"_links":{"self":[{"href":"https:\/\/www.uctostrasin.cz\/index.php\/wp-json\/wp\/v2\/pages\/175"}],"collection":[{"href":"https:\/\/www.uctostrasin.cz\/index.php\/wp-json\/wp\/v2\/pages"}],"about":[{"href":"https:\/\/www.uctostrasin.cz\/index.php\/wp-json\/wp\/v2\/types\/page"}],"author":[{"embeddable":true,"href":"https:\/\/www.uctostrasin.cz\/index.php\/wp-json\/wp\/v2\/users\/1"}],"replies":[{"embeddable":true,"href":"https:\/\/www.uctostrasin.cz\/index.php\/wp-json\/wp\/v2\/comments?post=175"}],"version-history":[{"count":26,"href":"https:\/\/www.uctostrasin.cz\/index.php\/wp-json\/wp\/v2\/pages\/175\/revisions"}],"predecessor-version":[{"id":319,"href":"https:\/\/www.uctostrasin.cz\/index.php\/wp-json\/wp\/v2\/pages\/175\/revisions\/319"}],"wp:attachment":[{"href":"https:\/\/www.uctostrasin.cz\/index.php\/wp-json\/wp\/v2\/media?parent=175"}],"curies":[{"name":"wp","href":"https:\/\/api.w.org\/{rel}","templated":true}]}}