{"id":25,"date":"2020-06-01T14:38:36","date_gmt":"2020-06-01T12:38:36","guid":{"rendered":"https:\/\/www.uctostrasin.cz\/?page_id=25"},"modified":"2026-04-07T19:15:54","modified_gmt":"2026-04-07T17:15:54","slug":"uvodni-stranka","status":"publish","type":"page","link":"https:\/\/www.uctostrasin.cz\/","title":{"rendered":"\u00davodn\u00ed str\u00e1nka"},"content":{"rendered":"\n<div class=\"wp-block-group alignwide\"><div class=\"wp-block-group__inner-container\">\n<p>Nab\u00edz\u00edme od roku 1991 komplexn\u00ed slu\u017eby v oblasti veden\u00ed \u00fa\u010detnictv\u00ed a da\u0148ov\u00e9 evidence, mezd, d\u00e1le rekonstrukce \u00fa\u010detnictv\u00ed a da\u0148ov\u00e9 p\u0159izn\u00e1n\u00ed pro mal\u00e9 a st\u0159edn\u00ed firmy.  M\u00e1me pobo\u010dku ve V\u0161estarech, kde je mo\u017enost p\u0159edat doklady po telefonick\u00e9 dohod\u011b. Nov\u00e9 klienty bereme pouze v okol\u00ed na\u0161\u00ed kancel\u00e1\u0159e a p\u0159edem dohodnut\u00fdch podm\u00ednek. Kapacity na\u0161\u00ed kancel\u00e1\u0159e jsou omezen\u00e9. <\/p>\n\n\n\n<p><strong>\u00da\u010detnictv\u00ed poskytujeme na n\u00ed\u017ee uveden\u00fdch m\u00edstech:  <\/strong><\/p>\n\n\n\n<p><\/p>\n\n\n\n<h2>Kancel\u00e1\u0159 na Stra\u0161\u00edn\u011b pro klienty zru\u0161ena <\/h2>\n\n\n\n<h4><\/h4>\n\n\n\n<hr class=\"wp-block-separator\"\/>\n\n\n\n<p><\/p>\n<\/div><\/div>\n\n\n\n<h2>Kancel\u00e1\u0159 pro klienty je p\u0159est\u011bhov\u00e1na do Lou\u0148ovic &#8211; Kutnohorsk\u00e1 98 <\/h2>\n\n\n\n<p><\/p>\n\n\n\n<h4>Pro nov\u00e9 klienty v p\u00e1tek po telefonick\u00e9m objedn\u00e1n\u00ed (702 001 900)<\/h4>\n\n\n\n<p>Pro aktu\u00e1ln\u00ed klienty \u00fa\u010detn\u00ed kancel\u00e1\u0159e je otev\u0159eno v \u00fater\u00fd \/ \u010dtvrtek po tel. domluv\u011b<\/p>\n\n\n\n<hr class=\"wp-block-separator\"\/>\n\n\n\n<h2>Kancel\u00e1\u0159 Praha  <\/h2>\n\n\n\n<p>Dolnom\u011bcholupsk\u00e1 522\/12a , 102 00 Praha 10<\/p>\n\n\n\n<p><strong>Otev\u0159eno pond\u011bl\u00ed a\u017e st\u0159eda od 09:00 do 15:00<\/strong> po tel. domluv\u011b<\/p>\n\n\n\n<hr class=\"wp-block-separator\"\/>\n","protected":false},"excerpt":{"rendered":"<p>Kancel\u00e1\u0159 pro klienty je p\u0159est\u011bhov\u00e1na do Lou\u0148ovic &#8211; Kutnohorsk\u00e1 98 Pro nov\u00e9 klienty v p\u00e1tek po telefonick\u00e9m objedn\u00e1n\u00ed (702 001 &hellip; <\/p>\n","protected":false},"author":1,"featured_media":296,"parent":0,"menu_order":0,"comment_status":"closed","ping_status":"closed","template":"template-home.php","meta":[],"_links":{"self":[{"href":"https:\/\/www.uctostrasin.cz\/index.php\/wp-json\/wp\/v2\/pages\/25"}],"collection":[{"href":"https:\/\/www.uctostrasin.cz\/index.php\/wp-json\/wp\/v2\/pages"}],"about":[{"href":"https:\/\/www.uctostrasin.cz\/index.php\/wp-json\/wp\/v2\/types\/page"}],"author":[{"embeddable":true,"href":"https:\/\/www.uctostrasin.cz\/index.php\/wp-json\/wp\/v2\/users\/1"}],"replies":[{"embeddable":true,"href":"https:\/\/www.uctostrasin.cz\/index.php\/wp-json\/wp\/v2\/comments?post=25"}],"version-history":[{"count":42,"href":"https:\/\/www.uctostrasin.cz\/index.php\/wp-json\/wp\/v2\/pages\/25\/revisions"}],"predecessor-version":[{"id":317,"href":"https:\/\/www.uctostrasin.cz\/index.php\/wp-json\/wp\/v2\/pages\/25\/revisions\/317"}],"wp:featuredmedia":[{"embeddable":true,"href":"https:\/\/www.uctostrasin.cz\/index.php\/wp-json\/wp\/v2\/media\/296"}],"wp:attachment":[{"href":"https:\/\/www.uctostrasin.cz\/index.php\/wp-json\/wp\/v2\/media?parent=25"}],"curies":[{"name":"wp","href":"https:\/\/api.w.org\/{rel}","templated":true}]}}